{"id":385,"date":"2016-08-27T11:35:43","date_gmt":"2016-08-27T08:35:43","guid":{"rendered":"https:\/\/halukunalp.com\/en\/\/?page_id=385"},"modified":"2024-08-09T13:06:19","modified_gmt":"2024-08-09T10:06:19","slug":"prof-dr-haluk-recai-unalp","status":"publish","type":"page","link":"https:\/\/halukunalp.com\/en\/prof-dr-haluk-recai-unalp\/","title":{"rendered":"Prof. Dr. Haluk Recai \u00dcNALP"},"content":{"rendered":"<div id=\"pl-385\"><div class=\"panel-grid\" id=\"pg-385-0\" ><div class=\"panel-grid-cell\" id=\"pgc-385-0-0\" ><div class=\"so-panel widget widget_sow-image panel-first-child panel-last-child\" id=\"panel-385-0-0-0\" data-index=\"0\"><div class=\"so-widget-sow-image so-widget-sow-image-default-3f547a15eaaa\">\n\n<div class=\"sow-image-container\">\n\t<img loading=\"lazy\" decoding=\"async\" src=\"https:\/\/halukunalp.com\/en\/wp-content\/uploads\/2024\/08\/IMG_1069-560x470-1.jpg\" width=\"560\" height=\"470\" srcset=\"\"  class=\"so-widget-image\"\/>\n<\/div>\n\n<\/div><\/div><\/div><div class=\"panel-grid-cell panel-grid-cell-empty\" id=\"pgc-385-0-1\" ><\/div><div class=\"panel-grid-cell\" id=\"pgc-385-0-2\" ><div class=\"so-panel widget widget_sow-editor panel-first-child panel-last-child\" id=\"panel-385-0-2-0\" data-index=\"1\"><div class=\"so-widget-sow-editor so-widget-sow-editor-base\">\n<div class=\"siteorigin-widget-tinymce textwidget\">\n\t<p>\t<span style=\"color: #000000;\">Prof. Dr. HalukRecai \u00dcNALP was born in Merzifon in 1963.<\/span><\/p>\n<p><span style=\"color: #000000;\">He has been graduated from Ankara GATA (Gulhane Military Medical Academy) Faculty of Medicine in 1987.<\/span><\/p>\n<p><span style=\"color: #000000;\">He has worked as Chief Physician and Manager of Health Branch Ke\u015fan 4. Infantry Division until 1987-1990.<\/span><\/p>\n<p><span style=\"color: #000000;\">He has been specialized for general surgery in Ankara GATA between 1990-1994.<\/span><\/p>\n<p><span style=\"color: #000000;\">He has worked as Chief Physician and General Surgery Specialist in Kars Sar\u0131kam\u0131\u015f Military Hospital between 1995-1996 and in Erzurum Oltu State Hospital between 1996-1999.<\/span><\/p>\n<p><span style=\"color: #000000;\">He has worked as Chief Physician and General Surgery Specialist in Mu\u011flaOrtaca State Hospital in 1999-2002.He has worked in \u0130zmir Atat\u00fcrk Training and Research Hospital between 2002-2011.<\/span><\/p>\n<\/div>\n<\/div><\/div><\/div><\/div><div class=\"panel-grid\" id=\"pg-385-1\" ><div class=\"panel-grid-cell\" id=\"pgc-385-1-0\" ><div class=\"so-panel widget widget_sow-editor panel-first-child panel-last-child\" id=\"panel-385-1-0-0\" data-index=\"2\"><div class=\"so-widget-sow-editor so-widget-sow-editor-base\">\n<div class=\"siteorigin-widget-tinymce textwidget\">\n\t<p>\t<span style=\"color: #000000;\">He has become Associate Professor of General Surgery in 2008.<\/span><\/p>\n<p><span style=\"color: #000000;\">He has become a surgical oncology specialist in 2012.<\/span><\/p>\n<p><span style=\"color: #000000;\">He founded the General Surgery Clinic by transferring to the \u0130zmir University Faculty of Medicine and worked for 2 years as founding president in 2012.<\/span><\/p>\n<p><span style=\"color: #000000;\">He has received his title of Professor in 2015.<\/span><\/p>\n<p><span style=\"color: #000000;\">He has worked as a research associate atAvrasya University between 2015-2018.<\/span><\/p>\n<p><span style=\"color: #000000;\">He has been continuing his studies in the private sector since 2018.<\/span><\/p>\n<ul>\n<li><span style=\"color: #000000;\"><strong>Field:<\/strong>&nbsp;General Surgery, Surgical Oncology, Obesity, and Metabolic Surgery Specialist<\/span><\/li>\n<li><span style=\"color: #000000;\"><strong>Experience:<\/strong>&nbsp;33 Years<\/span><\/li>\n<\/ul>\n<\/div>\n<\/div><\/div><\/div><\/div><div class=\"panel-grid\" id=\"pg-385-2\" ><div class=\"panel-grid-cell panel-grid-cell-empty panel-grid-cell-mobile-last\" id=\"pgc-385-2-0\" ><\/div><div class=\"panel-grid-cell panel-grid-cell-empty\" id=\"pgc-385-2-1\" ><\/div><\/div><\/div>","protected":false},"excerpt":{"rendered":"<p>Prof. Dr. HalukRecai \u00dcNALP was born in Merzifon in 1963. He has been graduated from Ankara GATA (Gulhane Military Medical Academy) Faculty of Medicine in 1987. He has worked as Chief Physician and Manager of Health Branch Ke\u015fan 4. Infantry Division until 1987-1990. He has been specialized for general surgery in Ankara GATA between 1990-1994. [&hellip;]<\/p>\n","protected":false},"author":1,"featured_media":0,"parent":0,"menu_order":62,"comment_status":"closed","ping_status":"closed","template":"","meta":{"footnotes":""},"class_list":["post-385","page","type-page","status-publish","hentry"],"_links":{"self":[{"href":"https:\/\/halukunalp.com\/en\/wp-json\/wp\/v2\/pages\/385"}],"collection":[{"href":"https:\/\/halukunalp.com\/en\/wp-json\/wp\/v2\/pages"}],"about":[{"href":"https:\/\/halukunalp.com\/en\/wp-json\/wp\/v2\/types\/page"}],"author":[{"embeddable":true,"href":"https:\/\/halukunalp.com\/en\/wp-json\/wp\/v2\/users\/1"}],"replies":[{"embeddable":true,"href":"https:\/\/halukunalp.com\/en\/wp-json\/wp\/v2\/comments?post=385"}],"version-history":[{"count":34,"href":"https:\/\/halukunalp.com\/en\/wp-json\/wp\/v2\/pages\/385\/revisions"}],"predecessor-version":[{"id":2087,"href":"https:\/\/halukunalp.com\/en\/wp-json\/wp\/v2\/pages\/385\/revisions\/2087"}],"wp:attachment":[{"href":"https:\/\/halukunalp.com\/en\/wp-json\/wp\/v2\/media?parent=385"}],"curies":[{"name":"wp","href":"https:\/\/api.w.org\/{rel}","templated":true}]}}