{"id":413,"date":"2016-08-29T10:47:04","date_gmt":"2016-08-29T07:47:04","guid":{"rendered":"https:\/\/halukunalp.com\/en\/\/?page_id=413"},"modified":"2016-08-29T11:10:12","modified_gmt":"2016-08-29T08:10:12","slug":"oduller","status":"publish","type":"page","link":"https:\/\/halukunalp.com\/en\/oduller\/","title":{"rendered":"\u00d6d\u00fcller"},"content":{"rendered":"<h3 class=\"widget-title\">En iyi poster ikincilik \u00f6d\u00fcl\u00fc:<\/h3>\n<p><span style=\"color: #000000;\">Derici H, \u00dcnalp HR, Bozda\u011f AD, Nazl\u0131 O, Tansu\u011f T, Kamer E. \u201c\u0130nkarsere kar\u0131n duvar\u0131 f\u0131t\u0131klar\u0131nda morbidite ve mortaliteye etkili fakt\u00f6rler\u201d. 2. Uluda\u011f Genel Cerrahide G\u00fcncel Yakla\u015f\u0131m Kongresi, 8-11 Mart 2007, Bursa.<\/span><\/p>\n<p><img loading=\"lazy\" decoding=\"async\" class=\"so-widget-image\" src=\"https:\/\/halukunalp.com\/en\/\/wp-content\/uploads\/2016\/08\/obezite-\u00f6d\u00fcller.jpg\" srcset=\"\" width=\"137\" height=\"150\" \/> <img loading=\"lazy\" decoding=\"async\" class=\"so-widget-image\" src=\"https:\/\/halukunalp.com\/en\/\/wp-content\/uploads\/2016\/08\/obezite-izmir.jpg\" srcset=\"https:\/\/halukunalp.com\/en\/\/wp-content\/uploads\/2016\/08\/obezite-izmir.jpg 5558w, https:\/\/halukunalp.com\/en\/\/wp-content\/uploads\/2016\/08\/obezite-izmir-768x359.jpg 768w\" width=\"150\" height=\"70\" \/><\/p>\n<h3 class=\"widget-title\">En iyi poster birincilik \u00f6d\u00fcl\u00fc:<\/h3>\n<p><span style=\"color: #000000;\">Rezanko T, Tunakan M, Evcim G, \u00dcnalp HR, Kamer E. \u201cTan\u0131s\u0131 ince i\u011fne aspirasyon sitolojisi ile konan s\u00fcrpriz aksiller kitle\u201d. 3. Ulusal Sitopatoloji Kongresi, 27-30 Mart 2008, Bodrum.<\/span><\/p>\n<h3 class=\"widget-title\">En iyi poster ikincilik \u00f6d\u00fcl\u00fc:<\/h3>\n<p><span style=\"color: #000000;\">Derici H, Kamer E, \u00dcnalp HR, Diniz G, Bozda\u011f A, Tansug T, Ortac R, Erbil Y. \u201c Sildenafilin yara iyile\u015fmesi \u00fczerine etkisi: Deneysel \u00e7al\u0131\u015fma\u201d. Ege Cerrahi Kongresi, 23-26 Nisan 2009, \u00c7e\u015fme.<\/span><\/p>\n<p><img loading=\"lazy\" decoding=\"async\" class=\"so-widget-image\" src=\"https:\/\/halukunalp.com\/en\/\/wp-content\/uploads\/2016\/08\/obezite-doktoru.jpg\" srcset=\"https:\/\/halukunalp.com\/en\/\/wp-content\/uploads\/2016\/08\/obezite-doktoru.jpg 970w, https:\/\/halukunalp.com\/en\/\/wp-content\/uploads\/2016\/08\/obezite-doktoru-768x356.jpg 768w\" width=\"150\" height=\"70\" \/><\/p>\n<h3 class=\"widget-title\">En iyi s\u00f6zel sunu ikincilik \u00f6d\u00fcl\u00fc:<\/h3>\n<p><span style=\"color: #000000;\">Kamer E, \u00dcnalp HR, Erbil Y, Akg\u00fcner T, \u0130ssever H, \u00d6nal MA. \u201cTiroidektomi sonras\u0131 geli\u015fen hipokalseminin erken tahmininde cerrahi alan y\u0131kama s\u0131v\u0131s\u0131ndaki parathormon d\u00fczeyinin yeri\u201d. Ege Cerrahi Kongresi, 23-26 Nisan 2009, \u00c7e\u015fme<\/span><\/p>\n","protected":false},"excerpt":{"rendered":"<p>En iyi poster ikincilik \u00f6d\u00fcl\u00fc: Derici H, \u00dcnalp HR, Bozda\u011f AD, Nazl\u0131 O, Tansu\u011f T, Kamer E. \u201c\u0130nkarsere kar\u0131n duvar\u0131 f\u0131t\u0131klar\u0131nda morbidite ve mortaliteye etkili fakt\u00f6rler\u201d. 2. Uluda\u011f Genel Cerrahide G\u00fcncel Yakla\u015f\u0131m Kongresi, 8-11 Mart 2007, Bursa. En iyi poster birincilik \u00f6d\u00fcl\u00fc: Rezanko T, Tunakan M, Evcim G, \u00dcnalp HR, Kamer E. \u201cTan\u0131s\u0131 ince i\u011fne [&hellip;]<\/p>\n","protected":false},"author":1,"featured_media":0,"parent":0,"menu_order":60,"comment_status":"closed","ping_status":"closed","template":"","meta":{"footnotes":""},"class_list":["post-413","page","type-page","status-publish","hentry"],"_links":{"self":[{"href":"https:\/\/halukunalp.com\/en\/wp-json\/wp\/v2\/pages\/413"}],"collection":[{"href":"https:\/\/halukunalp.com\/en\/wp-json\/wp\/v2\/pages"}],"about":[{"href":"https:\/\/halukunalp.com\/en\/wp-json\/wp\/v2\/types\/page"}],"author":[{"embeddable":true,"href":"https:\/\/halukunalp.com\/en\/wp-json\/wp\/v2\/users\/1"}],"replies":[{"embeddable":true,"href":"https:\/\/halukunalp.com\/en\/wp-json\/wp\/v2\/comments?post=413"}],"version-history":[{"count":7,"href":"https:\/\/halukunalp.com\/en\/wp-json\/wp\/v2\/pages\/413\/revisions"}],"predecessor-version":[{"id":423,"href":"https:\/\/halukunalp.com\/en\/wp-json\/wp\/v2\/pages\/413\/revisions\/423"}],"wp:attachment":[{"href":"https:\/\/halukunalp.com\/en\/wp-json\/wp\/v2\/media?parent=413"}],"curies":[{"name":"wp","href":"https:\/\/api.w.org\/{rel}","templated":true}]}}