{"id":437,"date":"2016-08-29T11:39:31","date_gmt":"2016-08-29T08:39:31","guid":{"rendered":"https:\/\/halukunalp.com\/en\/\/?page_id=437"},"modified":"2016-08-29T11:50:52","modified_gmt":"2016-08-29T08:50:52","slug":"yurtici-kongreler","status":"publish","type":"page","link":"https:\/\/halukunalp.com\/en\/yurtici-kongreler\/","title":{"rendered":"Yurti\u00e7i Kongreler"},"content":{"rendered":"<ol>\n<li><span style=\"color: #000000;\"><em><u>\u00dcnalp HR<\/u><\/em>, Kamer E,\u00a0 Pe\u015fkersoy M, Akg\u00fcner T, \u00d6nal MA., \u201cMekanik obstr\u00fcksiyon yapan \u00e7ekum kanserleri: Retrospektif \u00e7al\u0131\u015fma\u201d, <em> Ulusal Kolon ve Rektum Cerrahisi Kongresi<\/em>, <em>Uluslar aras\u0131 kat\u0131l\u0131m ile,<\/em> Antalya, 07-11 Eyl\u00fcl 2003.<\/span><\/li>\n<li><span style=\"color: #000000;\">Kamer E, <em><u>\u00dcnalp HR<\/u><\/em>, Kar H, Akg\u00fcner T, \u00d6nal MA., \u201cSitusinversustotalis ve akut apandisit: 2 olgu\u201d, <em> Ulusal Kolon ve Rektum Cerrahisi Kongresi,Uluslar aras\u0131 kat\u0131l\u0131m ile,<\/em> Antalya, 07-11 Eyl\u00fcl 2003.<\/span><\/li>\n<li><span style=\"color: #000000;\"><em><u>\u00dcnalp HR<\/u><\/em>, Kamer E,\u00a0 Sava\u015f \u015eahin, Akg\u00fcner T, \u00d6nal MA., \u201cKesici delici aletlerle olu\u015fan kolon yaralanmalar\u0131n\u0131n retrospektif incelenmesi: 38 olgu\u201d, <em> Ulusal Kolon ve Rektum Cerrahisi Kongresi, Uluslar aras\u0131 kat\u0131l\u0131m ile,<\/em> Antalya, 07-11 Eyl\u00fcl 2003.<\/span><\/li>\n<li><span style=\"color: #000000;\">Pe\u015fkersoy M, \u00d6nal MA, <em><u>\u00dcnalp HR<\/u><\/em>, Er A, G\u00fcrsel A, Akg\u00fcner T., \u201cBilateral\u0130nguinalHerniler tek seansta m\u0131 onar\u0131lmal\u0131d\u0131r?\u201d, <em>Ulusal Cerrahi Kongresi,<\/em> Antalya, 26-30 May\u0131s 2004.<\/span><\/li>\n<li><span style=\"color: #000000;\">Pe\u015fkersoy M, <em><u>\u00dcnalp HR<\/u><\/em>, \u00d6nal MA, Akg\u00fcner T, Er A, Cengiz F., \u201cHipertiroidili hastalarda postoperatifhipertiroidizmn\u00fcks\u00fcn\u00fcn de\u011ferlendirilmesi\u201d, <em>Ulusal Cerrahi Kongresi,<\/em> Antalya, 26-30 May\u0131s 2004.<\/span><\/li>\n<li><span style=\"color: #000000;\"><em><u>\u00dcnalp HR<\/u><\/em>, \u00d6nal MA, Akg\u00fcner T, Karahan Y, \u00d6zzeybek T, Cengiz F., \u201cKolorektal kanserlerdeki non-k\u00fcratif cerrahinin sonu\u00e7lar\u0131 ve prognostik fakt\u00f6rler\u201d, <em>Ulusal Cerrahi Kongresi,<\/em> Antalya, 26-30 May\u0131s 2004.<\/span><\/li>\n<li><span style=\"color: #000000;\">\u00d6nal MA, Pe\u015fkersoy M, <em><u>\u00dcnalp HR<\/u><\/em>, Akg\u00fcner T, Kamer E, Bal A. \u201cLichtenstein tekni\u011fi ile yap\u0131lan inguinalherni tamiri: erken d\u00f6nem sonu\u00e7lar\u0131m\u0131z\u201d, <em>Ulusal Cerrahi Kongresi,<\/em> Antalya, 26-30 May\u0131s 2004.<\/span><\/li>\n<li><span style=\"color: #000000;\">Kar H, <em><u>\u00dcnalp HR<\/u><\/em>, \u00d6nal MA, \u00d6zzeybek T, Ermete M, Berkman S, Ayd\u0131n O., \u201cMultipleintestinalperforasyonun nadir bir nedeni: Degos hastal\u0131\u011f\u0131 (Malignatrofikpapullozis)\u201d, <em>Ulusal Cerrahi Kongresi,<\/em> Antalya, 26-30 May\u0131s 2004.<\/span><\/li>\n<li><span style=\"color: #000000;\"><em><u>\u00dcnalp HR<\/u><\/em>, Kamer E, Kar H, Ekinci N, Nalbant E, \u00d6nal MA., \u201cOpere meme kanserinin nadir bir metastaz yeri: sigmoid kolon\u201d, <em>Ulusal Meme Hastal\u0131klar\u0131 Kongresi,<\/em> \u0130stanbul, 21-24 Eyl\u00fcl 2005<\/span><\/li>\n<li><span style=\"color: #000000;\"><em><u>\u00dcnalp HR<\/u><\/em>, Akg\u00fcner T, Kamer E, Yi\u011fit S, \u00d6nal MA., \u201cPeriduktalStromal Sarkom\u201d,<em>Ulusal Meme Hastal\u0131klar\u0131 Kongresi,<\/em> \u0130stanbul, 21-24 Eyl\u00fcl 2005<\/span><\/li>\n<\/ol>\n<ol>\n<li><span style=\"color: #800080;\">Kamer E, <em><u>\u00dcnalp HR<\/u><\/em>, Akg\u00fcner T, Yi\u011fit S, Pe\u015fkersoy M, \u00d6nal MA., \u201cEnflamatuvar meme kanserinin tan\u0131s\u0131nda alternatif bir y\u00f6ntem: Kal\u0131n \u0130\u011fne AspirasyonBiopsisi\u201d,<em>Ulusal Meme Hastal\u0131klar\u0131 Kongresi,<\/em> \u0130stanbul, 21-24 Eyl\u00fcl 2005<\/span><\/li>\n<li><span style=\"color: #800080;\">Kar H, <em><u>\u00dcnalp HR<\/u><\/em>, Cengiz F, \u00d6zzeybek T, \u00d6nal MA., \u201cPenetran travmaya ba\u011fl\u0131 gecikmi\u015f travmatikdiafragmahernisi: 2 olgu\u201d, <em> Ulusal Travma ve Acil Cerrahi Kongresi<\/em>, Antalya, 16-20 Kas\u0131m 2005<\/span><\/li>\n<li><span style=\"color: #800080;\"><em><u>\u00dcnalp HR<\/u><\/em>, Kar H, Kamer E, Nalbant E, Pe\u015fkersoy M, \u00d6nal MA., \u201c2. ve 3. derece yan\u0131klarda tedavi sonu\u00e7lar\u0131m\u0131z\u201d, <em> Ulusal Travma ve Acil Cerrahi Kongresi<\/em>, Antalya, 16-20 Kas\u0131m 2005<\/span><\/li>\n<li><span style=\"color: #800080;\"><em><u>\u00dcnalp HR<\/u><\/em>, Kar H, Kamer E, BAL A, Pe\u015fkersoy M, \u00d6nal MA., \u201cKesici delici aletlere ba\u011fl\u0131 mide yaralanmalar\u0131nda mortalite ve morbiditeyi etkileyen fakt\u00f6rler\u201d, <em> Ulusal Travma ve Acil Cerrahi Kongresi<\/em>, Antalya, 16-20 Kas\u0131m 2005<\/span><\/li>\n<li><span style=\"color: #800080;\"><em><u>\u00dcnalp HR<\/u><\/em>, Kamer E, Kar H, Pe\u015fkersoy M, \u00d6nal MA., \u201cAcil Abdominal Re-eksplorasyonlar\u201d <em> Ulusal Travma ve Acil Cerrahi Kongresi<\/em>, Antalya, 16-20 Kas\u0131m 2005<\/span><\/li>\n<li><span style=\"color: #800080;\">Kar H, <em><u>\u00dcnalp HR<\/u><\/em>,\u00a0 G\u00fcndo\u011fan \u00d6, C\u0131kla M, Pe\u015fkersoy M, \u00d6nal MA., \u201cPenetranduodenal yaralanmalar\u201d <em> Ulusal Travma ve Acil Cerrahi Kongresi<\/em>, Antalya, 16-20 Kas\u0131m 2005<\/span><\/li>\n<li><span style=\"color: #800080;\"><em><u>\u00dcnalp HR<\/u><\/em>, Bal A, Kamer E, Pe\u015fkersoy M, \u00d6nal MA., \u201cAlt Gastrointestinal sistem cerrahisi komplikasyonlar\u0131nda erken relaparatomi sonu\u00e7lar\u0131\u201d, <em>Alt Gastrointestinal Cerrahide Komplikasyonlar ve Sorunlar Kongresi (uluslar aras\u0131 kat\u0131l\u0131ml\u0131)<\/em>, \u0130zmir, 14-17 Nisan 2005:<\/span><\/li>\n<li><span style=\"color: #800080;\"><em><u>\u00dcnalp HR<\/u><\/em>, Akg\u00fcner T, C\u0131kla M, Y\u0131lmaz Y, Pe\u015fkersoy M, \u00d6nal MA., \u201cAkut kolesistitlerdelaparaskopikkolesistektominin zamanlamas\u0131\u201d, <em>Ulusal Cerrahi Kongresi<\/em> Antalya, 24-28 May\u0131s 2006<\/span><\/li>\n<li><span style=\"color: #800080;\"><em><u>\u00dcnalp HR<\/u><\/em>, C\u0131kla M, Akg\u00fcner T, Er A, Uzan \u00dc, K\u0131l\u0131\u00e7 \u00d6, \u00d6nal MA., \u201cPilonidal sin\u00fcs tedavisinde Limberg, V-Y ve rotasyon fleplerinin kar\u015f\u0131la\u015ft\u0131r\u0131lmas\u0131\u201d, <em>Ulusal Cerrahi Kongresi,<\/em> Antalya, 24-28 May\u0131s 2006<\/span><\/li>\n<li><span style=\"color: #800080;\"><em><u>\u00dcnalp HR<\/u><\/em>, Yurtsever SG, Kamer E, K\u0131l\u0131\u00e7 \u00d6, \u015eener AG, \u00d6nal MA., \u201cHelikobakterpylorininkolelithiaziste rol\u00fc var m\u0131d\u0131r?\u201d, <em>Ulusal Cerrahi Kongresi,<\/em> Antalya, 24-28 May\u0131s 2006<\/span><\/li>\n<\/ol>\n<ol>\n<li><span style=\"color: #800080;\">Kamer E, <em><u>\u00dcnalp HR<\/u><\/em>,\u00a0 \u00d6nal MA, Karahan Y, B\u00f6rek\u00e7i H, Y\u0131lmaz Y., \u201cKesici delici aletlere ba\u011fl\u0131 gluteal b\u00f6lge yaralanmalar\u0131n\u0131n \u00f6nemi\u201d, <em>Ulusal Cerrahi Kongresi,<\/em> Antalya, 24-28 May\u0131s 2006<\/span><\/li>\n<li><span style=\"color: #800080;\"><em><u>\u00dcnalp HR<\/u><\/em>, \u00d6nal MA, Kamer E, G\u00fcndo\u011fan \u00d6, Karahan Y., Karaci\u011fer hidatik kistlerinde konservatif cerrahi sonras\u0131 geli\u015fen biliyer fist\u00fcllerde bipolar drenaj\u0131n etkinli\u011fi. <em>Ulusal Cerrahi Kongresi,<\/em> Antalya, 24-28 May\u0131s 2006<\/span><\/li>\n<li><span style=\"color: #800080;\"><em><u>\u00dcnalp HR<\/u><\/em>, Avc\u0131 A, Kamer E, G\u00fcndo\u011fan \u00d6, Pe\u015fkersoy M, \u00d6nal MA., \u201cRezid\u00fctiroid dokusuna invazefibromatozis\u201d, <em>Ulusal Cerrahi Kongresi<\/em> Antalya, 24-28 May\u0131s 2006<\/span><\/li>\n<li><span style=\"color: #800080;\">Akg\u00fcner T, Kamer E, C\u0131kla M, <em><u>\u00dcnalp HR<\/u><\/em>,\u00a0 Pe\u015fkersoy M, \u00d6nal MA., \u201cDuodenal \u00fclser perforasyonlar\u0131ndaperforasyon \u00e7ap\u0131n\u0131n ve ASA skorunun morbidite ve mortalite oranlar\u0131na etkisi\u201d, <em>Uluda\u011f Genel Cerrahide G\u00fcncel Yakla\u015f\u0131m Kongresi,<\/em> Bursa, 08-11 Mart 2007<\/span><\/li>\n<li><span style=\"color: #800080;\"><em><u>\u00dcnalp HR<\/u><\/em>, Derici H, Kamer E, Nazl\u0131 O, Tarcan E, \u00d6nal MA., \u201cGastrointestinalstromal t\u00fcm\u00f6rler; cerrahi tedavi sonu\u00e7lar\u0131 ve prognostik de\u011fi\u015fkenlerin analizi\u201d <em>Uluda\u011f Genel Cerrahide G\u00fcncel Yakla\u015f\u0131m Kongresi,<\/em> Bursa, 08-11 Mart 2007<\/span><\/li>\n<li><span style=\"color: #800080;\">Kamer E, <em><u>\u00dcnalp HR<\/u><\/em>, Derici H, Tansu\u011f T, \u00d6nal MA., \u201cLaparaskopikkolesistektomi ile e\u015f zamanl\u0131 umbilikalherni tamiri.\u201d <em>Uluda\u011f Genel Cerrahide G\u00fcncel Yakla\u015f\u0131m Kongresi,<\/em> Bursa, 08-11 Mart 2007<\/span><\/li>\n<li><span style=\"color: #800080;\">Kamer E, \u00dcnalp HR,\u00a0 Derici H, Tansu\u011f T, \u00d6nal MA. \u201cAkut Pankreatit erken tan\u0131s\u0131 ve \u015fiddetinin belirlenmesinde idrar trypsinogen-2 Dipstick testinin kullan\u0131lmas\u0131: prospektif bir \u00e7al\u0131\u015fma\u201d, <em>Uluda\u011f Genel Cerrahide G\u00fcncel Yakla\u015f\u0131m Kongresi,<\/em> Bursa, 08-11 Mart 2007<\/span><\/li>\n<li><span style=\"color: #800080;\">Derici H, \u00dcnalp HR, Bozda\u011f AD, Nazl\u0131 O, Tansu\u011f T, Kamer E., \u201c\u0130nkarsere kar\u0131n duvar\u0131 f\u0131t\u0131klar\u0131nda morbidite ve mortaliteye etkili fakt\u00f6rler\u201d, <em>Uluda\u011f Genel Cerrahide G\u00fcncel Yakla\u015f\u0131m Kongresi,<\/em> Bursa, 08-11 Mart 2007<\/span><\/li>\n<li><span style=\"color: #800080;\">\u00dcnalp HR, Kamer E,\u00a0 Akg\u00fcner T, Pe\u015fkersoy M, \u00d6nal MA., \u201cAbdominalKompartman sendromuna neden olan Ogilvie Sendromu: Bir olgu sunumu\u201d, <em> Ulusal Kolon ve Rektum Cerrahisi Kongresi, uluslar aras\u0131 kat\u0131l\u0131m\u0131 ile, Bodrum, <\/em>\u00a026-30 A\u011fustos 2007<\/span><\/li>\n<li><span style=\"color: #800080;\">Kamer E,\u00a0 \u00dcnalp HR, Tavusbay C, Ermete M, \u00d6nal MA. \u201cMeme Kanserini Taklit Eden Lezyon: Keratoakantom\u201d, <em>9. Ulusal Meme Hastal\u0131klar\u0131 Kongresi<\/em>, Ankara, 5-9 Eyl\u00fcl 2007<\/span><\/li>\n<li><span style=\"color: #800080;\">Pe\u015fkersoy M, \u00dcnalp HR, Kamer E, Akg\u00fcner T,\u00a0 \u00d6nal MA., \u201cVill\u00f6z adenom zemininde geli\u015fmi\u015f rektum adenokarsinomu ile senkronize perianal bazal h\u00fccreli karsinom\u201d, <em>Cerrahi g\u00fcnleri-2- Hem\u015firelik G\u00fcnleri 2 Kongresi<\/em>, Eski\u015fehir 2-4 Kas\u0131m, 2007.<\/span><\/li>\n<\/ol>\n<ol>\n<li><span style=\"color: #000000;\">Pe\u015fkersoy M, \u00dcnalp HR, Ahmet Er, Hayrullah Derici, \u00d6nal MA, Erc\u00fcment Tarcan. Karaci\u011fer hidatik kistlerinde kist tipi ve \u00e7ap\u0131 kistobiliyer ba\u011flant\u0131lar i\u00e7in bir risk midir?\u201d, <em>Cerrahi g\u00fcnleri-2- Hem\u015firelik G\u00fcnleri 2 Kongresi<\/em>, Eski\u015fehir 2-4 Kas\u0131m, 2007.<\/span><\/li>\n<li><span style=\"color: #000000;\">Pe\u015fkersoy M, \u00dcnalp HR, Kamer E, Er A, Nazl\u0131 O, Tarcan E, \u00d6nal MA., \u201cGastrikStromal T\u00fcm\u00f6rler: Hasta-T\u00fcm\u00f6r \u00f6zellikleri ve Postoperatif Erken D\u00f6nem Sonu\u00e7lar\u201d, <em>Cerrahi g\u00fcnleri-2- Hem\u015firelik G\u00fcnleri 2 Kongresi<\/em>, Eski\u015fehir 2-4 Kas\u0131m, 2007.<\/span><\/li>\n<li><span style=\"color: #000000;\">Ayd\u0131n \u00c7, \u00dcnalp HR, Balo\u011flu A, G\u00fcl \u0130A, Yavuzcan A, Yi\u011fit S., \u201cOverinSer\u00f6zKarsinomunun Aksiler Lenf Nodu Metastaz\u0131: Olgu sunumu ve Literat\u00fcr\u00fcn G\u00f6zden Ge\u00e7irilmesi\u201d, <em>T\u00fcrk Jinekoloji ve Obstetrik Derne\u011fi Ulusal E\u011fitim Sempozyumu,<\/em> Antalya 25-29 Ekim 2007.<\/span><\/li>\n<li><span style=\"color: #000000;\">\u00dcnalp HR, Ayd\u0131n \u00c7, Yavuzcan A, Kamer E, Balo\u011flu A., \u201cKaraci\u011fer kist hidati\u011finin gebelikte cerrahi tedavisi: iki olgu ve literat\u00fcrdeki di\u011fer tedavi y\u00f6ntemlerinin g\u00f6zden ge\u00e7irilmesi\u201d, <em>T\u00fcrk Jinekoloji ve Obstetrik Derne\u011fi Ulusal E\u011fitim Sempozyumu,<\/em> Antalya 25-29 Ekim 2007.<\/span><\/li>\n<li><span style=\"color: #000000;\">Rezenko, M.Tunakan, G.Evcim, H.R.\u00dcnalp, E.Kamer, \u201cTan\u0131s\u0131 ince i\u011fne aspirasyon sitolojisi ile konan s\u00fcrpriz aksiller kitle\u201d, 3. Ulusal Sitopatoloji Kongresi Program ve Bildiri \u00d6zet Kitab\u0131, 108 pp, 3. Ulusal Sitopatoloji Kongresi, Bodrum, Mu\u011fla, T\u00fcrkiye, Mart 2008.<\/span><\/li>\n<li><span style=\"color: #000000;\">E.Kamer, H.R.\u00dcnalp, T.Akg\u00fcner, H.Derici, Y.Erbil, M.Pe\u015fkersoy, \u201cFlepsizTiroidektomiler \u0130le Konvansiyonel Tiroidektomilerin Kar\u015f\u0131la\u015ft\u0131r\u0131lmas\u0131\u201d, Endokrinolojide Diyalog Dergisi, \u00d6zel Say\u0131, 5;337 pp, <em>7<\/em>. <em>Medikal<\/em> Cerrahi <em>Endokrinoloji<\/em> Mezuniyet Sonras\u0131 E\u011fitim <em>Kursu<\/em>, Adana, T\u00fcrkiye, Kas\u0131m 2008.<\/span><\/li>\n<li><span style=\"color: #000000;\">E.Kamer, M.Pe\u015fkersoy, H.R.\u00dcnalp, A.Avc\u0131, M.Deniz, M.A.\u00d6nal, \u201cServikal Lenf Nodu Metastaz\u0131 \u0130le Tan\u0131 Konulan PapillerMikrokarsinomlar: Be\u015f Olgu Sunumu\u201d, Endokrinolojide Diyalog Dergisi, \u00d6zel Say\u0131, 5;338 pp, <em>7<\/em>. <em>Medikal<\/em> Cerrahi <em>Endokrinoloji<\/em> Mezuniyet Sonras\u0131 E\u011fitim <em>Kursu<\/em>, Adana, T\u00fcrkiye, Kas\u0131m 2008.<\/span><\/li>\n<li><span style=\"color: #000000;\">Y.Y\u0131lmaz, E.Kamer, M.Pe\u015fkersoy, H.R.\u00dcnalp, E.Tarcan, \u201cMultinod\u00fcler guatr nedeniyle opere edilen hastalarda insidentalmalignite oran\u0131m\u0131z\u201d, Endokrinolojide Diyalog Dergisi, Supp, 6;25 pp, 8. <em>Medikal<\/em> Cerrahi <em>Endokrinoloji<\/em> Mezuniyet Sonras\u0131 E\u011fitim <em>Kursu<\/em>, Ku\u015fadas\u0131, Ayd\u0131n, T\u00fcrkiye, Kas\u0131m 2009.<\/span><\/li>\n<li><span style=\"color: #000000;\">E.Kamer, Y.Y\u0131lmaz, H.R.\u00dcnalp, A.Avc\u0131, E.Tarcan, \u201cSpinal kemik metastaz\u0131 ile tan\u0131s\u0131 konan tiroidfollik\u00fclerkarsinomu: Bir olgu sunumu\u201d,Endokrinolojide Diyalog Dergisi, Supp, 6;42 pp, 8. <em>Medikal<\/em> Cerrahi <em>Endokrinoloji<\/em> Mezuniyet Sonras\u0131 E\u011fitim <em>Kursu<\/em>, Ku\u015fadas\u0131, Ayd\u0131n, T\u00fcrkiye, Kas\u0131m 2009.<\/span><\/li>\n<\/ol>\n<ol start=\"42\">\n<li><span style=\"color: #000000;\">Y.Y\u0131lmaz, E.Kamer, H.R.\u00dcnalp, K.Atahan, E.Tarcan, \u201cTiroid nod\u00fcllerinde ku\u015fkulu sitoloji: Histopatolojikkorelasyon ve cerrahi yakla\u015f\u0131m\u0131m\u0131z\u201d, Endokrinolojide Diyalog Dergisi, Supp, 6;24 pp, 8. <em>Medikal<\/em> Cerrahi <em>Endokrinoloji<\/em> Mezuniyet Sonras\u0131 E\u011fitim <em>Kursu<\/em>, Ku\u015fadas\u0131, Ayd\u0131n, T\u00fcrkiye, Kas\u0131m 2009.<\/span><\/li>\n<\/ol>\n<ol start=\"42\">\n<li><span style=\"color: #000000;\">Sar\u0131 S. \u00c7\u0131tlak G. \u0130\u015fcan Y. Ak\u0131c\u0131M, BarbarosU, \u00dcnalpHR, ErbilY, \u00d6zarma\u011fanS. <strong>Non-fonksiyonel Adrenal \u0130nsidentalomaKardiovask\u00fcler Riski Art\u0131r\u0131yor mu? <\/strong>8. Medikal-Cerrahi Endokrinoloji Mezuniyet Sonras\u0131 E\u011fitim Kursu , Ku\u015fadas\u0131, Ayd\u0131n, T\u00fcrkiye, Kas\u0131m 2009.<\/span><\/li>\n<li><span style=\"color: #000000;\">G\u00fcng\u00f6r H, Y\u0131lmaz Y, B\u00f6rek\u00e7i H, \u00dcnalp HR, Tarcan E. Tiroidin Malt Lenfomas\u0131: Bir Olgu Sunumu .8. Medikal-Cerrahi Endokrinoloji Mezuniyet Sonras\u0131 E\u011fitim Kursu, Ku\u015fadas\u0131, Ayd\u0131n, T\u00fcrkiye, Kas\u0131m 2009.<\/span><\/li>\n<\/ol>\n<ol start=\"44\">\n<li><span style=\"color: #000000;\">\u00dcnalp HR, G\u00fcng\u00f6r H, Avc\u0131 A, \u00c7a\u011flar A, Tarcan E. <strong>PrimerTiroidLenfomas\u0131na E\u015flik Eden TiroidPapiller Kanseri: Olgu Sunumu <\/strong>8. Medikal-Cerrahi Endokrinoloji Mezuniyet Sonras\u0131 E\u011fitim Kursu, Ku\u015fadas\u0131, Ayd\u0131n, T\u00fcrkiye, Kas\u0131m 2009.<\/span><\/li>\n<\/ol>\n<ol start=\"45\">\n<li><span style=\"color: #000000;\">\u0130.Sahar, M.Pe\u015fkersoy, H.G\u00fcng\u00f6r, O.\u00dcreyen, E.Kamer, A.Avc\u0131, H.R.\u00dcnalp, \u201c\u0130nen kolon yerle\u015fimli submukozal lipom: Bir olgu sunumu\u201d, Ege Cerrahi Kongresi \u00d6zet Kitab\u0131,236 pp, Ege Cerrahi Kongresi, \u00c7e\u015fme, \u0130zmir, T\u00fcrkiye, Nisan 2009.<\/span><\/li>\n<li><span style=\"color: #000000;\">H.R.\u00dcnalp, Y.Erbil, T.Akg\u00fcner, E.Kamer, H.Derici, H.\u0130\u015fsever, \u201cPostoperatifhipokalsemi a\u00e7\u0131s\u0131ndan totale yak\u0131n tiroidektomi total tiroidektomiye g\u00f6re daha m\u0131 avantajl\u0131d\u0131r?\u201d, Ege Cerrahi Kongresi \u00d6zet Kitab\u0131,281 pp, Ege Cerrahi Kongresi, \u00c7e\u015fme, \u0130zmir, T\u00fcrkiye, Nisan 2009.<\/span><\/li>\n<\/ol>\n<ol start=\"47\">\n<li><span style=\"color: #000000;\">E.Kamer, M.Pe\u015fkersoy, H.R.\u00dcnalp, M.Tunakan, T.Rezenko, M.A.\u00d6nal, \u201cPelvik kitlenin nadir bir nedeni: Pelvikschwannom\u201d, Ege Cerrahi Kongresi \u00d6zet Kitab\u0131, 229 pp, Ege Cerrahi Kongresi, \u00c7e\u015fme, \u0130zmir, T\u00fcrkiye, Nisan 2009.<\/span><\/li>\n<\/ol>\n<ol start=\"48\">\n<li><span style=\"color: #000000;\">B.Baydar, E.Kamer, F.Ar\u0131, A.Avc\u0131, H.R.\u00dcnalp, B.\u00dcnsal, \u201cTiroidanjiosarkomununintestinal metastaz\u0131: Bir olgu sunumu\u201d, Ege Cerrahi Kongresi \u00d6zet Kitab\u0131, 279 pp, Ege Cerrahi Kongresi, \u00c7e\u015fme, \u0130zmir, T\u00fcrkiye, Nisan 2009.<\/span><\/li>\n<\/ol>\n<ol start=\"49\">\n<li><span style=\"color: #000000;\">E.Kamer, M.Pe\u015fkersoy, H.R.\u00dcnalp, M.Ermete, M.A.\u00d6nal, \u201cAksillan\u0131n meme d\u0131\u015f\u0131 Paget hastal\u0131\u011f\u0131\u201d, Ege Cerrahi Kongresi \u00d6zet Kitab\u0131, 296 pp, Ege Cerrahi Kongresi, \u00c7e\u015fme, \u0130zmir, T\u00fcrkiye, Nisan 2009.<\/span><\/li>\n<\/ol>\n<ol start=\"50\">\n<li><span style=\"color: #000000;\">A.Er, \u00d6.K\u0131l\u0131\u00e7, T.Rezenko, E.Kamer, H.R.\u00dcnalp, M.A.\u00d6nal, \u201cElastofibromadorsi: Bir olgu sunumu\u201d, Ege Cerrahi Kongresi \u00d6zet Kitab\u0131, 303 pp, Ege Cerrahi Kongresi, \u00c7e\u015fme, \u0130zmir, T\u00fcrkiye, Nisan 2009.<\/span><\/li>\n<\/ol>\n<p>&nbsp;<\/p>\n<ol start=\"52\">\n<li><span style=\"color: #800080;\">T.Akg\u00fcner, M.C\u0131kla, E.Kamer, M.Pe\u015fkersoy, M.Ermete, H.R.\u00dcnalp, \u201cBenignkistikperitonealmezotelyoma\u201d, Ege Cerrahi Kongresi \u00d6zet Kitab\u0131, 190 pp, Ege Cerrahi Kongresi, \u00c7e\u015fme, \u0130zmir, T\u00fcrkiye, Nisan 2009.<\/span><\/li>\n<\/ol>\n<ol start=\"52\">\n<li><span style=\"color: #800080;\">H.R.\u00dcnalp, M.Pe\u015fkersoy, E.Kamer, T.Akg\u00fcner, M.C\u0131kla, \u201c Primerposteriorperinealherni; Olgu sunumu\u201d, Ege Cerrahi Kongresi \u00d6zet Kitab\u0131, 240 pp, Ege Cerrahi Kongresi, \u00c7e\u015fme, \u0130zmir, T\u00fcrkiye, Nisan 2009.<\/span><\/li>\n<\/ol>\n<ol start=\"53\">\n<li><span style=\"color: #800080;\">H.Derici, E.Kamer, C.Kara, H.R.\u00dcnalp, T.Tansu\u011f, A.D.Bozda\u011f, O.Nazl\u0131, \u201cSafra kesesi perforasyonlar\u0131: Klinik \u00f6zellikler ve risk fakt\u00f6rleri\u201d, Ege Cerrahi Kongresi \u00d6zet Kitab\u0131, 248 pp, Ege Cerrahi Kongresi, \u00c7e\u015fme, \u0130zmir, T\u00fcrkiye, Nisan 2009.<\/span><\/li>\n<\/ol>\n<ol start=\"54\">\n<li><span style=\"color: #800080;\">H.R.\u00dcnalp, E.Kamer, T.Rezanko, \u00d6.K\u0131l\u0131\u00e7, M.Tunakan, M.A.\u00d6nal,\u201cAksiler b\u00f6lgede primer\/izole hidatik kist\u201d, Ege Cerrahi Kongresi \u00d6zet Kitab\u0131, 249 pp, Ege Cerrahi Kongresi, \u00c7e\u015fme, \u0130zmir, T\u00fcrkiye, Nisan 2009.<\/span><\/li>\n<\/ol>\n<ol start=\"55\">\n<li><span style=\"color: #800080;\">B.Baydar, E.Kamer, H.R.\u00dcnalp, E.Alper, B.\u00d6rmeci, M.C\u0131kla, M.Pe\u015fkersoy, \u201cDala\u011f\u0131n primerhidatik kistinin n\u00fcks\u00fc; Olgu sunumu\u201d, Ege Cerrahi Kongresi \u00d6zet Kitab\u0131, 255 pp, Ege Cerrahi Kongresi, \u00c7e\u015fme, \u0130zmir, T\u00fcrkiye, Nisan 2009.<\/span><\/li>\n<\/ol>\n<ol start=\"56\">\n<li><span style=\"color: #800080;\">H.Kar, H.R.Unalp, E.Kamer, M.A.\u00d6nal, \u201cOral yolla beslenemeyen kritik cerrahi hastalarda witzeljejunostomi ile yap\u0131lan enteralnutrisyonunun serum alb\u00fcmin d\u00fczeylerine etkisi,\u201d Ege Cerrahi Kongresi \u00d6zet Kitab\u0131, 301 pp, Ege Cerrahi Kongresi, \u00c7e\u015fme, \u0130zmir, T\u00fcrkiye, Nisan 2009.<\/span><\/li>\n<\/ol>\n<ol start=\"57\">\n<li><span style=\"color: #800080;\">H.Derici, E.Kamer, H.R.\u00dcnalp, G.Diniz, A.B.Bozda\u011f, T.Tansu\u011f, R.Orta\u00e7, Y.Erbil, \u201cSildenafil\u2019in yara iyile\u015fmesi \u00fczerine etkisi: Deneysel \u00e7al\u0131\u015fma\u201d, Ege Cerrahi Kongresi \u00d6zet Kitab\u0131, 302 pp, Ege Cerrahi Kongresi, \u00c7e\u015fme, \u0130zmir, T\u00fcrkiye, Nisan 2009.<\/span><\/li>\n<\/ol>\n<ol start=\"58\">\n<li><span style=\"color: #800080;\">A.D.Bozda\u011f, E.Kamer, T.Tansu\u011f, H.Derici, H.R.\u00dcnalp, O.Nazl\u0131, T.Karabu\u011fa, \u201cTrokarlar\u0131nfasya giri\u015f deliklerini kapatmak i\u00e7in geli\u015ftirilmi\u015f ameliyat i\u011fnesi\u201d, Ege Cerrahi Kongresi \u00d6zet Kitab\u0131, 314 pp, Ege Cerrahi Kongresi, \u00c7e\u015fme, \u0130zmir, T\u00fcrkiye, Nisan 2009.<\/span><\/li>\n<\/ol>\n<ol start=\"59\">\n<li><span style=\"color: #800080;\">Y.Y\u0131lmaz, E.Kamer, H.R.\u00dcnalp, E.Tarcan, \u201cHipertiroidi cerrahisinde peroperatif kanamada preoperatiflugol kullan\u0131m\u0131n\u0131n etkisi\u201d, Kurs Kitap\u00e7\u0131\u011f\u0131,15 pp, 9. <em>Medikal<\/em> Cerrahi <em>Endokrinoloji<\/em> Mezuniyet Sonras\u0131 E\u011fitim <em>Kursu<\/em>, Antalya, T\u00fcrkiye, Aral\u0131k 2010.<\/span><\/li>\n<\/ol>\n<ol start=\"60\">\n<li><span style=\"color: #800080;\">E.Kamer, H.R.\u00dcnalp, Y.Y\u0131lmaz, M.Pe\u015fkersoy, \u201cSubsternal guatrlarda cerrahi deneyimimiz\u201d, Kurs Kitap\u00e7\u0131\u011f\u0131,16 pp, 9. <em>Medikal<\/em> Cerrahi <em>Endokrinoloji<\/em> Mezuniyet Sonras\u0131 E\u011fitim <em>Kursu<\/em>, Antalya, T\u00fcrkiye, Aral\u0131k 2010.<\/span><\/li>\n<\/ol>\n<ol start=\"61\">\n<li><span style=\"color: #800080;\">E.Kamer, H.R.\u00dcnalp, M.Pe\u015fkersoy, Y.E.Dan\u0131\u015f, E.Tarcan, \u201cDaha \u00f6nce abdominal cerrahi ge\u00e7irmi\u015f hastalarda laparoskopikkolesistektomi deneyimimiz\u201d, 10.Hepato-Pankreato-Bilier Cerrahi Kongresi Kongre Kitab\u0131, 32 pp, 10.Hepato-Pankreato-Bilier Cerrahi Kongresi, Belek, Antalya, T\u00fcrkiye, Nisan 2011.<\/span><\/li>\n<\/ol>\n<ol start=\"63\">\n<li><span style=\"color: #800080;\">E.Kamer, H.R.\u00dcnalp, Y.E.Dan\u0131\u015f, M.Pe\u015fkersoy, E.Tarcan, \u201cG\u00f6vdede dev yan\u0131k skar\u0131 olan bir olguda laparoskopikkolesistektomi\u201d, 10.Hepato-Pankreato-Bilier Cerrahi Kongresi Kongre Kitab\u0131,\u00a0 31 pp, 10.Hepato-Pankreato-Bilier Cerrahi Kongresi, Belek, Antalya, T\u00fcrkiye, Nisan 2011.<\/span><\/li>\n<\/ol>\n<ol start=\"63\">\n<li><span style=\"color: #800080;\">E.Kamer, M.Pe\u015fkersoy, Y.E.Dan\u0131\u015f, T.Akg\u00fcner, E.Tarcan, \u201cLaparoskopikkolesistektomisonras\u0131 ksifoid alt\u0131ndaki trokar giri\u015f yerinde olu\u015fan f\u0131t\u0131klar: 2 olgunun sunumu\u201d 10.Hepato-Pankreato-Bilier Cerrahi Kongresi Kongre Kitab\u0131, 30 pp, 10.Hepato-Pankreato-Bilier Cerrahi Kongresi, Belek, Antalya, T\u00fcrkiye, Nisan 2011.<\/span><\/li>\n<\/ol>\n<ol start=\"64\">\n<li><span style=\"color: #800080;\">E. Kamer, H.R. \u00dcnalp, \u00d6. Karahall\u0131, M.Pe\u015fkersoy, E. Tarcan, \u201cLaparoskopikkolesistektomi sonras\u0131 olu\u015fan trokar giri\u015f yeri f\u0131t\u0131klar\u0131\u201d Endoskopik Laparoskopik&amp; Minimal \u0130nvaziv Cerrahi Dergisi 18;1:53pp, 10. Ulusal Endoskopik Laparoskopik Cerrahi Kongresi, \u0130stanbul, T\u00fcrkiye, Nisan 2011.<\/span><\/li>\n<li><span style=\"color: #800080;\">65 Karabuga T, \u00d6zsan \u0130, \u00dcnalp HR. Minimal \u0130nvazivParatiroidektomi. 6. Ulusal Endokrin Cerrahi Kongresi 25-28 Nisan 2013. Antalya.<\/span><\/li>\n<\/ol>\n<ol start=\"67\">\n<li><span style=\"color: #000000;\">Karabuga T, \u00d6zsan \u0130,\u00a0 Ak\u0131nc\u0131 B, Amuk T, \u015eahin E, \u00dcnalp HR. LaparoskopikSleeveGastrektomi: 52 Hastan\u0131n Erken D\u00f6nem Sonu\u00e7lar\u0131. \u00a0\u00a06. Ulusal Endokrin Cerrahi Kongresi 25-28 Nisan 2013. Antalya.<\/span><\/li>\n<\/ol>\n<ol start=\"67\">\n<li><span style=\"color: #000000;\">\u00a0Karabuga T, \u00d6zsan \u0130,\u00a0 Ak\u0131nc\u0131 B, Amuk T, \u015eahin E, \u00dcnalp HR. LaparoskopikSleeveGastrektomi: 69 Hastan\u0131n Erken D\u00f6nem Sonu\u00e7lar\u0131. 11. Ulusal Endoskopik Laparoskopik Cerrahi Kongresi. 2-6 Ekim 2013. Bodrum.<\/span><\/li>\n<\/ol>\n<ol start=\"68\">\n<li><span style=\"color: #000000;\">T\u00fcrker Karabu\u011fa, Ali Saklamaz, Erkan \u015eahin, Haluk Recai \u00dcnalp.<\/span><br \/>\n<span style=\"color: #000000;\"> LaparoskopikSleeveGastrektomi; 367 Hastan\u0131n Sonu\u00e7lar\u0131. 12. Endoskopik Laparoskopik Cerrahi Kongresi 22-26 Nisan 2015, Antalya.<\/span><\/li>\n<\/ol>\n<ol start=\"69\">\n<li><span style=\"color: #000000;\">T\u00fcrker Karabu\u011fa, Haluk Recai \u00dcnalp. Laparoskopik SAD\u0130-S \u2018in Tip 2 Diyabet \u00dczerine Etkisi. 12. Endoskopik Laparoskopik Cerrahi Kongresi 22-26 Nisan 2015, Antalya.<\/span><\/li>\n<\/ol>\n","protected":false},"excerpt":{"rendered":"<p>\u00dcnalp HR, Kamer E,\u00a0 Pe\u015fkersoy M, Akg\u00fcner T, \u00d6nal MA., \u201cMekanik obstr\u00fcksiyon yapan \u00e7ekum kanserleri: Retrospektif \u00e7al\u0131\u015fma\u201d, Ulusal Kolon ve Rektum Cerrahisi Kongresi, Uluslar aras\u0131 kat\u0131l\u0131m ile, Antalya, 07-11 Eyl\u00fcl 2003. Kamer E, \u00dcnalp HR, Kar H, Akg\u00fcner T, \u00d6nal MA., \u201cSitusinversustotalis ve akut apandisit: 2 olgu\u201d, Ulusal Kolon ve Rektum Cerrahisi Kongresi,Uluslar aras\u0131 kat\u0131l\u0131m [&hellip;]<\/p>\n","protected":false},"author":1,"featured_media":0,"parent":0,"menu_order":69,"comment_status":"closed","ping_status":"closed","template":"","meta":{"footnotes":""},"class_list":["post-437","page","type-page","status-publish","hentry"],"_links":{"self":[{"href":"https:\/\/halukunalp.com\/en\/wp-json\/wp\/v2\/pages\/437"}],"collection":[{"href":"https:\/\/halukunalp.com\/en\/wp-json\/wp\/v2\/pages"}],"about":[{"href":"https:\/\/halukunalp.com\/en\/wp-json\/wp\/v2\/types\/page"}],"author":[{"embeddable":true,"href":"https:\/\/halukunalp.com\/en\/wp-json\/wp\/v2\/users\/1"}],"replies":[{"embeddable":true,"href":"https:\/\/halukunalp.com\/en\/wp-json\/wp\/v2\/comments?post=437"}],"version-history":[{"count":7,"href":"https:\/\/halukunalp.com\/en\/wp-json\/wp\/v2\/pages\/437\/revisions"}],"predecessor-version":[{"id":439,"href":"https:\/\/halukunalp.com\/en\/wp-json\/wp\/v2\/pages\/437\/revisions\/439"}],"wp:attachment":[{"href":"https:\/\/halukunalp.com\/en\/wp-json\/wp\/v2\/media?parent=437"}],"curies":[{"name":"wp","href":"https:\/\/api.w.org\/{rel}","templated":true}]}}