{"id":446,"date":"2016-08-29T11:54:16","date_gmt":"2016-08-29T08:54:16","guid":{"rendered":"https:\/\/halukunalp.com\/en\/\/?page_id=446"},"modified":"2024-08-10T15:25:05","modified_gmt":"2024-08-10T12:25:05","slug":"ulusal-yayinlar","status":"publish","type":"page","link":"https:\/\/halukunalp.com\/en\/ulusal-yayinlar\/","title":{"rendered":"Ulusal Yay\u0131nlar"},"content":{"rendered":"<div id=\"pl-446\"><div class=\"panel-grid\" id=\"pg-446-0\" ><div class=\"panel-grid-cell\" id=\"pgc-446-0-0\" ><div class=\"so-panel widget widget_sow-editor panel-first-child panel-last-child\" id=\"panel-446-0-0-0\" data-index=\"0\"><div class=\"so-widget-sow-editor so-widget-sow-editor-base\">\n<div class=\"siteorigin-widget-tinymce textwidget\">\n\t<div id=\"pg-446-0\" class=\"panel-grid\">\n<div id=\"pgc-446-0-0\" class=\"panel-grid-cell\">\n<div id=\"panel-446-0-0-0\" class=\"so-panel widget widget_sow-editor panel-first-child panel-last-child\" data-index=\"0\">\n<div class=\"so-widget-sow-editor so-widget-sow-editor-base\">\n<div class=\"siteorigin-widget-tinymce textwidget\">\n<ol>\n<li>\u00dcnalp HR, Akg\u00fcner T, Kamer E, Pe\u015fkersoy M, \u00d6nal MA, \u201cKesici Delici Aletlere Ba\u011fl\u0131 PenetranAbdominal Yaralanmalarda SelektifNon-Operatif Yakla\u015f\u0131m\u0131n De\u011ferlendirilmesi: Retrospektif Bir \u00c7al\u0131\u015fma\u201d, SSK Tepecik HastDerg, 13, 137-142 (2003).<\/li>\n<li>\u00dcnalp HR, \u00d6nal MA, Pe\u015fkersoy M, Akg\u00fcner T, Kamer E, Turgut \u00d6zzeybek, \u201cKesici Delici Aletlerle Olu\u015fan Kolon Yaralanmalar\u0131nda Primer Tamir G\u00fcvenli midir?\u201d, SSK Tepecik HastDerg; 14, 109-113 (2004).<\/li>\n<li>\u00dcnalp HR, \u00d6nal MA, Pe\u015fkersoy M, Akg\u00fcner T, Kamer E, \u201cObstr\u00fcksiyon ile Komplike \u00c7ekum Kanserlerinde Acil Giri\u015fimle Yap\u0131lan Anastomozlar\u0131n G\u00fcvenilirli\u011fi: Retrospektif Bir \u00c7al\u0131\u015fma\u201d, SSK Tepecik HastDerg; 14, 115-118 (2004).<\/li>\n<li>\u00dcnalp HR, Akg\u00fcner T, C\u0131kla M, Kamer E, \u00d6nal MA, \u201cLaparoskopikKolesistektomi Sonras\u0131 Trokar Giri\u015f Yerine Metastaz; Bir Olgu Sunumu\u201d, \u0130zmir Atat\u00fcrk E\u011fitim Hastanesi T\u0131p Dergisi, 43, 43-45 (2005).<\/li>\n<li>\u00d6zdemir M, \u00dcnalp HR, Er A, C\u0131kla M, Avc\u0131 A, \u00d6nal MA, \u201cSakrokoksigealKordoma: Bir Olgu Sunumu\u201d, \u0130zmir Atat\u00fcrk E\u011fitim Hastanesi T\u0131p Dergisi, 43, 201-204 (2005)<\/li>\n<li>\u00dcnalp HR, Akg\u00fcner T, Kamer E,\u00a0 Ak\u0131nc\u0131lar E, Pe\u015fkersoy M, \u00d6nal MA, \u201c\u0130leri Evre Kolorektal Kanserlerde Palyatif Rezeksiyonlar\u0131n Ortalama Sa\u011f Kal\u0131ma Etkisi\u201d, \u0130zmir Tepecik E\u011fitim Hastanesi Dergisi, 15, 105-109 (2005).<\/li>\n<li>\u00dcnalp HR, \u00d6nal MA, \u00d6zzeybek T, C\u0131kla M, Ekinci N, \u201cAppendisealendometriozis: bir olgu sunumu\u201d. \u0130zmir Tepecik Hastanesi Dergisi, 15, 199-201, (2005)<\/li>\n<li>\u00dcnalp HR, \u00d6nal MA, \u201cKompleks Abdominal Yaralanmalarda G\u00fcncel Yakla\u015f\u0131m: Hasar Kontrol Cerrahisi\u201d, \u0130zmir Atat\u00fcrk E\u011fitim Hastanesi T\u0131p Dergisi, 44, 1-9 (2006).<\/li>\n<li>Kamer E, \u00dcnalp HR,\u00a0 \u00d6nal MA, Karahan Y, B\u00f6rek\u00e7i H, Y\u0131lmaz Y, \u201cKesici Delici Aletlere Ba\u011fl\u0131 Gluteal B\u00f6lge Yaralanmalar\u0131n\u0131n \u00d6nemi\u201d, \u0130zmir Tepecik Hastanesi Dergisi, 16, 119-122 (2006).<\/li>\n<li>Pe\u015fkersoy M, \u00d6nal MA, \u00dcnalp HR, \u00d6zzeybek T, Er A, G\u00fcrsel A, \u201c40 Ya\u015f ve Daha Gen\u00e7 Hastalardaki Kolorektal Kanserler: \u00d6zellikleri ve Cerrahi Tedavi Sonu\u00e7lar\u0131\u201d, \u0130zmir Atat\u00fcrk E\u011fitim Hastanesi T\u0131p Dergisi, 44, 85-91 (2006).<\/li>\n<\/ol>\n<\/div>\n<\/div>\n<\/div>\n<\/div>\n<div id=\"pgc-446-0-1\" class=\"panel-grid-cell\">\n<div id=\"panel-446-0-1-0\" class=\"so-panel widget widget_sow-editor panel-first-child panel-last-child\" data-index=\"1\">\n<div class=\"so-widget-sow-editor so-widget-sow-editor-base\">\n<div class=\"siteorigin-widget-tinymce textwidget\">\n<ol start=\"11\">\n<li>\u00dcnalp HR, Akg\u00fcner T, Kamer E,\u00a0 Yi\u011fit S, \u00d6nal MA, \u201cPeriduktalStromal Sarkom\u201d, Meme Sa\u011fl\u0131\u011f\u0131 Dergisi, 3, 82-84 (2007).<\/li>\n<li>\u00dcnalp HR, Kamer E,\u00a0 Derici H, Nazl\u0131 O, \u00d6nal MA, \u201c\u00c7ift tarafl\u0131 Kas\u0131k F\u0131t\u0131klar\u0131 Tek Seansta Onar\u0131labilir\u201d Ulusal Cerrahi Dergisi, 23, 15-18 (2007).<\/li>\n<li>\u00dcnalp HR, Kamer E,\u00a0 Atahan K, Cengiz F. \u201cKolorektal Kanser Cerrahisi Uygulanan Hastalarda P-PossumSkorlama Sisteminin De\u011ferlendirilmesi\u201d, Kolon ve Rektum Hastal\u0131klar\u0131 Dergisi, 17, 71-75 (2007).<\/li>\n<li>\u00dcnalp HR, Kamer E,\u00a0 Kar H, Ekinci N, Nalbant E, \u00d6nal MA, \u201cOpere Meme Kanserinin Nadir Bir Metastaz Yeri: Sigmoid Kolon\u201d, Meme Sa\u011fl\u0131\u011f\u0131 Dergisi, 3, 87-89 (2007).<\/li>\n<li>Akg\u00fcner T, \u00dcnalp HR, Ekinci N, Nalbant E, \u00d6nal MA, \u201cPankreas Ba\u015f\u0131 T\u00fcm\u00f6r\u00fc Gibi Davranan DuodenalGastrointestinalStromal T\u00fcm\u00f6r\u201d, \u0130n\u00f6n\u00fc \u00dcniversitesi T\u0131p Fak\u00fcltesi Dergisi, 14, 41-43 (2007).<\/li>\n<li>\u00dcnalp HR, Pe\u015fkersoy M, \u201c\u0130nflamatuvar Meme Kanserleri: Hastal\u0131\u011f\u0131n Lokal Kontrol\u00fcnde Cerrahi Tedavinin Yeri\u201d, Meme Sa\u011fl\u0131\u011f\u0131 Dergisi, 3, 113-119 (2007).<\/li>\n<li>\u00dcnalp HR, Kamer E,\u00a0 Derici H, Atahan K, Bozda\u011f AD, Tarcan E, \u00d6nal MA, \u201cKolorektal kanser perforasyonlar\u0131: Postoperatif erken d\u00f6nem sonu\u00e7lar\u0131 ve etkileyen fakt\u00f6rler\u201d, Ulusal Cerrahi Dergisi; 23, 106-111 (2007).<\/li>\n<li>\u00dcnalp HR, Akg\u00fcner T, C\u0131kla M, Y\u0131lmaz Y, Pe\u015fkersoy M, \u00d6nal MA, \u201cAkut KolesistitlerdeLaparaskopikKolesistektomi Zamanlamas\u0131\u201d, \u0130zmir Atat\u00fcrk E\u011fitim Hastanesi T\u0131p Dergisi, 45, 17-22 (2007).<\/li>\n<li>Kamer E, Pe\u015fkersoy M, \u00dcnalp HR, Tunakan M, Rezenko T, \u00d6nal MA, \u201cRektuma bas\u0131 olu\u015fturan PelvikSchwannom: Olgu sunumu\u201d, Kolon ve Rektum Hastal\u0131klar\u0131 Dergisi, 17, 160-163 (2007).<\/li>\n<li>\u00dcnalp HR, Ekinci N, B\u00f6rek\u00e7i H, G\u00fcndo\u011fan \u00d6, Pe\u015fkersoy M, \u00d6nal MA, \u201cCyanoacrylate\u2019larla yap\u0131lan kolon anastomozlar\u0131 ile s\u00fct\u00fcrl\u00fc kolon anastomozlar\u0131n\u0131n kar\u015f\u0131la\u015ft\u0131r\u0131lmas\u0131: Deneysel bir \u00e7al\u0131\u015fma\u201d, \u0130zmir Atat\u00fcrk E\u011fitim Hastanesi T\u0131p Dergisi 45, 17-22 (2007).<\/li>\n<\/ol>\n<\/div>\n<\/div>\n<\/div>\n<\/div>\n<\/div>\n<div id=\"pg-446-1\" class=\"panel-grid\">\n<div id=\"pgc-446-1-0\" class=\"panel-grid-cell\">\n<div id=\"panel-446-1-0-0\" class=\"so-panel widget widget_sow-editor panel-first-child panel-last-child\" data-index=\"2\">\n<div class=\"so-widget-sow-editor so-widget-sow-editor-base\">\n<div class=\"siteorigin-widget-tinymce textwidget\">\n<ol start=\"21\">\n<li>Kamer E, \u00dcnalp HR, Tavusbay C, Ermete M, \u00d6nal MA. \u201cMeme Kanserini Taklit Eden Lezyon: Keratoakantom\u201d, Meme Sa\u011fl\u0131\u011f\u0131 Dergisi, 3, 166-168 (2007).<\/li>\n<li>Kamer E, \u00dcnalp HR,\u00a0 Bal A, Avc\u0131 A, Pe\u015fkersoy M, \u00d6nal MA, \u201cKu\u015fkulu sitolojilitiroidnod\u00fcllerine cerrahi yakla\u015f\u0131m\u0131m\u0131z\u201d, \u0130zmir Tepecik E\u011fitim Hastanesi Dergisi, 17, 99-103 (2007).<\/li>\n<li>Kamer E, \u00dcnalp HR, Akg\u00fcner T, Yi\u011fit S, \u00d6nal MA., \u201cInvasiveCysticHypersecretoryDuctalCarcinoma of theBreast : Report of a Case\u201d, Meme Sa\u011fl\u0131\u011f\u0131 Dergisi, 4:2 (2008)<\/li>\n<li>\u00dcnalp HR, Yurtsever SG, Kamer E, K\u0131l\u0131\u00e7 \u00d6, \u015eener AG, \u00d6nal MA, \u201cKolelithiazisteHelikobakterPilori\u2019nin Rol\u00fc Var M\u0131d\u0131r ?\u201d, T\u00fcrk HPB Dergisi, (2008)<\/li>\n<li>\u00dcnalp HR, Avc\u0131 A, Kamer E, Kar H, \u00d6nal MA, \u201cRezid\u00fctiroid dokusuna invazedesmoid t\u00fcm\u00f6r: Olgu sunumu\u201d, Kulak Burun Bo\u011faz ve Ba\u015f Boyun Cerrahisi Dergisi (KBB-Forum) 7:1 (2008)<\/li>\n<li>Kamer E, \u00dcnalp HR, C\u0131kla M, Akg\u00fcner T, \u00d6nal MA, \u201cLaparaskopikKolesistektomi ve Doku Hasar\u0131: Monopolar Enerjiye Kar\u015f\u0131l\u0131k Ultrasonik Enerji Kullan\u0131m\u0131\u201d, Ulusal Endoskopik-Laparaskopik Cerrahi Dergisi., (2008)<\/li>\n<li>Pe\u015fkersoy M, Kamer E, \u00dcnalp HR, C\u0131kla M, \u00d6nal MA. \u201cAkut kolonikpseudo-obstr\u00fcksiyon: 12 olgunun incelenmesi ve literat\u00fcr taramas\u0131\u201d, Kolon ve Rektum Hastal\u0131klar\u0131 Dergisi (2008).<\/li>\n<li>\u00dcnalp HR, Pe\u015fkersoy M, C\u0131kla M, Kamer E,\u00a0 \u00d6nal MA, \u201cKronik renalyetmezlikli bir olguda spontan\u00e7ekum nekrozu\u201d, Kolon Rektum HastDerg18:48-50. (2008).<\/li>\n<li>\u00dcnalp HR, Akg\u00fcner T, Kamer E, \u00d6nal MA. \u0130dyopatik Total Mide Nekrozu ; Literat\u00fcrdeki 5. Olgu. Ulusal Cerrahi Dergisi . 24, 2, 93-95. (2008)\u00a0<\/li>\n<li>Er A, K\u0131l\u0131\u00e7 \u00d6, Rezanko T, Kamer E, \u00dcnalp HR, \u00d6nal MA. ElestafibromaDorsi: Bir Oldu Sunumu. \u0130zmir Atat\u00fcrk E\u011fitim Hastanesi T\u0131p Dergisi , 46, 1-3 (2008).<\/li>\n<\/ol>\n<\/div>\n<\/div>\n<\/div>\n<\/div>\n<div id=\"pgc-446-1-1\" class=\"panel-grid-cell\">\n<div id=\"panel-446-1-1-0\" class=\"so-panel widget widget_sow-editor panel-first-child panel-last-child\" data-index=\"3\">\n<div class=\"so-widget-sow-editor so-widget-sow-editor-base\">\n<div class=\"siteorigin-widget-tinymce textwidget\">\n<ol start=\"31\">\n<li>Kamer E.,\u00dcnalp HR., Avc\u0131 A., Peskersoy M. , G\u00fcndogan \u00d6., Onal MA. HyalinizingTrabecularNeoplasm of theThyroid: Report of a Case. Endokrinolojide Diyalog 2008;2:52-54 (2008).<\/li>\n<li>Kamer E, Pe\u015fkersoy M, \u00dcnalp HR, Avc\u0131 A, Deniz M, \u00d6nal MA. Servikal Lenf Nodu Metastaz\u0131 ile Tan\u0131s\u0131 Konulan Tiroidin PapillerMikrokarsinomlar\u0131: Be\u015f Olgu Sunumu. Endokrinolojide Diyalog 6:12 (2009).<\/li>\n<li>\u00dcnalp HR. PapillerTiroidMikrokarsinomu: Altm\u0131\u015f Y\u0131ll\u0131k Periyoddan Elde Edilmi\u015f 900 Olguluk Bir \u00c7al\u0131\u015fma. Endokrinolojide Diyalog;6:183-184 (2009).<\/li>\n<li>\u00dcnalp HR. PapillerMikrokarsinom. Endokrinolojide Diyalog 6:183-184 (2009).<\/li>\n<li>\u00dcnalp HR. K\u00f6t\u00fc DiferansiyeTiroid Kanserinin Kan\u0131ta Dayal\u0131 G\u00f6zden Ge\u00e7irilmesi. Endokrinolojide Diyalog 6:183-184 (2009).<\/li>\n<li>\u00dcnalp HR. Adrenal \u0130nsidentalomalar\u0131n Tedavisi. Endokrinolojide Diyalog 6:183-184 (2009).<\/li>\n<li>Kamer E, Pe\u015fkersoy M, \u00dcnalp HJ, Ermete M, \u00d6nel MA. ExtramammaryPaget'sDisease of theAxilla. Meme sa\u011fl\u0131\u011f\u0131 Dergisi . 5; 1: 47-49 (2009)<\/li>\n<li>\u00dcnalp HR, Tarcan E. Central compartmentlymphnodedissection in differentiatedthyroidcancer\u00e7 .Endokrinolojide Diyalog Dergisi. 8, 03-(2011).<\/li>\n<li>Kamer E, \u00dcnalp HR, Avc\u0131 A, Dere \u00d6, Pe\u015fkersoy M, Tarcan M. Tiroidin Rastlant\u0131sal PapillerMi\u015frokarsinomlar\u0131 . Endokrinolojide Diyalog 8:116-119 (2011).<\/li>\n<\/ol>\n<\/div>\n<\/div>\n<\/div>\n<\/div>\n<\/div>\n<\/div>\n<\/div><\/div><\/div><\/div><\/div>","protected":false},"excerpt":{"rendered":"<p>\u00dcnalp HR, Akg\u00fcner T, Kamer E, Pe\u015fkersoy M, \u00d6nal MA, \u201cKesici Delici Aletlere Ba\u011fl\u0131 PenetranAbdominal Yaralanmalarda SelektifNon-Operatif Yakla\u015f\u0131m\u0131n De\u011ferlendirilmesi: Retrospektif Bir \u00c7al\u0131\u015fma\u201d, SSK Tepecik HastDerg, 13, 137-142 (2003). \u00dcnalp HR, \u00d6nal MA, Pe\u015fkersoy M, Akg\u00fcner T, Kamer E, Turgut \u00d6zzeybek, \u201cKesici Delici Aletlerle Olu\u015fan Kolon Yaralanmalar\u0131nda Primer Tamir G\u00fcvenli midir?\u201d, SSK Tepecik HastDerg; 14, 109-113 [&hellip;]<\/p>\n","protected":false},"author":1,"featured_media":0,"parent":0,"menu_order":66,"comment_status":"closed","ping_status":"closed","template":"","meta":{"footnotes":""},"class_list":["post-446","page","type-page","status-publish","hentry"],"_links":{"self":[{"href":"https:\/\/halukunalp.com\/en\/wp-json\/wp\/v2\/pages\/446"}],"collection":[{"href":"https:\/\/halukunalp.com\/en\/wp-json\/wp\/v2\/pages"}],"about":[{"href":"https:\/\/halukunalp.com\/en\/wp-json\/wp\/v2\/types\/page"}],"author":[{"embeddable":true,"href":"https:\/\/halukunalp.com\/en\/wp-json\/wp\/v2\/users\/1"}],"replies":[{"embeddable":true,"href":"https:\/\/halukunalp.com\/en\/wp-json\/wp\/v2\/comments?post=446"}],"version-history":[{"count":4,"href":"https:\/\/halukunalp.com\/en\/wp-json\/wp\/v2\/pages\/446\/revisions"}],"predecessor-version":[{"id":2133,"href":"https:\/\/halukunalp.com\/en\/wp-json\/wp\/v2\/pages\/446\/revisions\/2133"}],"wp:attachment":[{"href":"https:\/\/halukunalp.com\/en\/wp-json\/wp\/v2\/media?parent=446"}],"curies":[{"name":"wp","href":"https:\/\/api.w.org\/{rel}","templated":true}]}}