{"id":450,"date":"2016-08-29T11:59:12","date_gmt":"2016-08-29T08:59:12","guid":{"rendered":"https:\/\/halukunalp.com\/en\/\/?page_id=450"},"modified":"2016-08-29T11:59:48","modified_gmt":"2016-08-29T08:59:48","slug":"sunumlar","status":"publish","type":"page","link":"https:\/\/halukunalp.com\/en\/sunumlar\/","title":{"rendered":"Uluslararas\u0131 Sunumlar"},"content":{"rendered":"<ol>\n<li><span style=\"color: #008000;\">Unalp HR, Kamer E, Er A, Karahan Y, \u00d6nal MA, Comparison Of SurgicalOutcomesIn T2-3N0M0 and T2-3N1-2M0 Non-PolypoidTumors Of Median-LowerRectum. XXI. BiennialCongress of the International Society of TheUniversityColon&amp;RectalSurgeons, (ISUCRS), Istanbul &#8211; TURKEY June 25 &#8211; 28 2006<\/span><\/li>\n<li><span style=\"color: #008000;\">Unalp HR, Kamer E, Nalbant E, Karahan Y, \u00d6nal MA, ColorectalStromalTumors. XXI. BiennialCongress of the International Society of TheUniversityColon&amp;RectalSurgeons, (ISUCRS), Istanbul &#8211; TURKEY June 25 &#8211; 28 2006<\/span><\/li>\n<li><span style=\"color: #008000;\">Unalp HR, Ekinci N, B\u00f6rekci H, G\u00fcndo\u011fan O, Peskersoy M, \u00d6nal MA, CyanoacrylatesVersusSuturedColonicAnastomosis: ExperimentalStudy. XXI. BiennialCongress of the International Society of TheUniversityColon&amp;RectalSurgeons, (ISUCRS), Istanbul &#8211; TURKIYE June 25-28 2006<\/span><\/li>\n<li><span style=\"color: #008000;\">Unalp HR, Atahan K, Kamer E, Yasa H, Tarcan E, \u00d6nal MA, Prognostikfactorsforhospitalmortality in patientswithacutemesentericischemiawhoperformedintestinalresectionduetonecrosis. 9th EuropeanCongress of TraumaandEmergencySurgery, First ESTES Congress. Budapest May 24-27, 2008<\/span><\/li>\n<li><span style=\"color: #008000;\">Unalp HR, Peskersoy M, C\u0131kla M, Kamer E, \u00d6nal MA, Spontaneousnecrosis of thecaecum in a patientwithchronicrenalinsufficiency 9th EuropeanCongress of TraumaandEmergencySurgery, First ESTES Congress. Budapest May 24-27, 2008<\/span><\/li>\n<\/ol>\n<ol start=\"6\">\n<li><span style=\"color: #3366ff;\">Unalp HR, Akguner T, Kamer E, Onal MA, Idiopathic total gastricnecrosis; 5th case in theliterature. 9th EuropeanCongress of TraumaandEmergencySurgery, First ESTES Congress. Budapest May 24-27, 2008<\/span><\/li>\n<li><span style=\"color: #3366ff;\">Peskersoy M, Kamer E, Unalp HR, C\u0131kla M, Onal MA, AcuteColonicPseudo-Obstruction: Analysis of 12 Patients, 9th EuropeanCongress of TraumaandEmergencySurgery, First ESTES Congress. Budapest May 24-27, 2008<\/span><\/li>\n<li><span style=\"color: #3366ff;\">Unalp HR, Kamer E, Derici H, Atahan K, Balci U, Demirdoven C, Nazli O, ONAL MA, Fournier\u2019sgangrene: Evaluation of sixty-eightpatientsandanalysis of prognosticvariables, 9th EuropeanCongress of TraumaandEmergencySurgery, First ESTES CongressBudapest May 24 &#8211; 27, 2008<\/span><\/li>\n<li><span style=\"color: #3366ff;\">Kamer E, Unalp HR, Atahan K, Peskersoy M, Tarcan E, Onal MA. Outcomes of surgicaltherapyandprognosticfactors in spontaneousgastrictumorsperforation, 1st Central EuropeanCongress of Surgery (CECS 2008), April 23, 2008 &#8211; April 26, 2008. Prague<\/span><\/li>\n<li><span style=\"color: #3366ff;\">Kamer E, Unalp HR, Tarcan E, Diniz G, Atahan K, Ortac R, Onal MA., \u201cEffect of HyaluronicAcid-CarboxymethylcelluloseAdhesionBarrier on WoundHealing: An ExperimentalStudy\u201d, 1st Central EuropeanCongress of Surgery (CECS 2008), April 23, 2008 &#8211; April 26, 2008. Prague<\/span><\/li>\n<\/ol>\n<p>&nbsp;<\/p>\n","protected":false},"excerpt":{"rendered":"<p>Unalp HR, Kamer E, Er A, Karahan Y, \u00d6nal MA, Comparison Of SurgicalOutcomesIn T2-3N0M0 and T2-3N1-2M0 Non-PolypoidTumors Of Median-LowerRectum. XXI. BiennialCongress of the International Society of TheUniversityColon&amp;RectalSurgeons, (ISUCRS), Istanbul &#8211; TURKEY June 25 &#8211; 28 2006 Unalp HR, Kamer E, Nalbant E, Karahan Y, \u00d6nal MA, ColorectalStromalTumors. XXI. BiennialCongress of the International Society of TheUniversityColon&amp;RectalSurgeons, [&hellip;]<\/p>\n","protected":false},"author":1,"featured_media":0,"parent":0,"menu_order":67,"comment_status":"closed","ping_status":"closed","template":"","meta":{"footnotes":""},"class_list":["post-450","page","type-page","status-publish","hentry"],"_links":{"self":[{"href":"https:\/\/halukunalp.com\/en\/wp-json\/wp\/v2\/pages\/450"}],"collection":[{"href":"https:\/\/halukunalp.com\/en\/wp-json\/wp\/v2\/pages"}],"about":[{"href":"https:\/\/halukunalp.com\/en\/wp-json\/wp\/v2\/types\/page"}],"author":[{"embeddable":true,"href":"https:\/\/halukunalp.com\/en\/wp-json\/wp\/v2\/users\/1"}],"replies":[{"embeddable":true,"href":"https:\/\/halukunalp.com\/en\/wp-json\/wp\/v2\/comments?post=450"}],"version-history":[{"count":3,"href":"https:\/\/halukunalp.com\/en\/wp-json\/wp\/v2\/pages\/450\/revisions"}],"predecessor-version":[{"id":453,"href":"https:\/\/halukunalp.com\/en\/wp-json\/wp\/v2\/pages\/450\/revisions\/453"}],"wp:attachment":[{"href":"https:\/\/halukunalp.com\/en\/wp-json\/wp\/v2\/media?parent=450"}],"curies":[{"name":"wp","href":"https:\/\/api.w.org\/{rel}","templated":true}]}}